{"id":6005,"date":"2022-12-23T10:27:38","date_gmt":"2022-12-23T08:27:38","guid":{"rendered":"https:\/\/aac.com.tr\/?page_id=6005"},"modified":"2022-12-23T11:04:24","modified_gmt":"2022-12-23T09:04:24","slug":"gizlilik-politikasi","status":"publish","type":"page","link":"https:\/\/aac.com.tr\/index.php\/gizlilik-politikasi\/","title":{"rendered":"Gizlilik Politikas\u0131"},"content":{"rendered":"\t\t<div data-elementor-type=\"wp-page\" data-elementor-id=\"6005\" class=\"elementor elementor-6005\">\n\t\t\t\t\t\t<section class=\"elementor-section elementor-top-section elementor-element elementor-element-16baeda7 ot-traditional elementor-section-boxed elementor-section-height-default elementor-section-height-default\" data-id=\"16baeda7\" data-element_type=\"section\">\n\t\t\t\t\t\t<div class=\"elementor-container elementor-column-gap-default\">\n\t\t\t\t\t<div class=\"elementor-column elementor-col-100 elementor-top-column elementor-element elementor-element-510890ce ot-flex-column-vertical\" data-id=\"510890ce\" data-element_type=\"column\">\n\t\t\t<div class=\"elementor-widget-wrap elementor-element-populated\">\n\t\t\t\t\t\t<div class=\"elementor-element elementor-element-d47a2bd elementor-widget elementor-widget-spacer\" data-id=\"d47a2bd\" data-element_type=\"widget\" data-widget_type=\"spacer.default\">\n\t\t\t\t<div class=\"elementor-widget-container\">\n\t\t\t\t\t\t\t<div class=\"elementor-spacer\">\n\t\t\t<div class=\"elementor-spacer-inner\"><\/div>\n\t\t<\/div>\n\t\t\t\t\t\t<\/div>\n\t\t\t\t<\/div>\n\t\t\t\t<div class=\"elementor-element elementor-element-79f6c10 elementor-widget elementor-widget-heading\" data-id=\"79f6c10\" data-element_type=\"widget\" data-widget_type=\"heading.default\">\n\t\t\t\t<div class=\"elementor-widget-container\">\n\t\t\t\t\t<h2 class=\"elementor-heading-title elementor-size-default\">Gizlilik Politikas\u0131<\/h2>\t\t\t\t<\/div>\n\t\t\t\t<\/div>\n\t\t\t\t<div class=\"elementor-element elementor-element-3c98a241 elementor-widget elementor-widget-text-editor\" data-id=\"3c98a241\" data-element_type=\"widget\" data-widget_type=\"text-editor.default\">\n\t\t\t\t<div class=\"elementor-widget-container\">\n\t\t\t\t\t\t\t\t\t\n<ol>\n<li><strong>Genel:<\/strong>&nbsp;Bu siteyi kullan\u0131yor olman\u0131z, gizlilik ve g\u00fcvenlik ko\u015fullar\u0131n\u0131 ve kurallar\u0131n\u0131 okudu\u011funuz ve kabul etti\u011finiz anlam\u0131na gelir. Gizlilik ko\u015fullar\u0131nda \u00f6ng\u00f6r\u00fclen zorunluluklar\u0131 yerine getiremeyece\u011finizi d\u00fc\u015f\u00fcn\u00fcyorsan\u0131z, bu siteyi kullanmay\u0131n\u0131z. Sitedeki baz\u0131 yerlerin kullan\u0131m\u0131 veya bu yerlerle kurulacak etkile\u015fim hakk\u0131nda \u00f6zel birtak\u0131m ek h\u00fck\u00fcm ve \u015fartlar ge\u00e7erli olabilir.<\/li>\n\n\n\n<li><strong>Gizlilik ve g\u00fcvenlik ko\u015fullar\u0131n\u0131n takibi\/de\u011fi\u015fiklik:<\/strong> AAC LTD. \u015eT\u0130. (\u201cSite Sahibi\u201d), herhangi bir zamanda \u00f6nceden haber vermeksizin gizlilik ve g\u00fcvenlik ko\u015fullar\u0131nda de\u011fi\u015fiklik yapma ya da ek ko\u015fullar getirme hakk\u0131na sahiptir. Kullan\u0131m s\u0131ras\u0131nda toplanan bilgilerin niteliklerinden, nas\u0131l kullan\u0131ld\u0131\u011f\u0131ndan, bu bilgilerin \u00fc\u00e7\u00fcnc\u00fc \u015fah\u0131slar ile hangi durumlarda payla\u015f\u0131ld\u0131\u011f\u0131ndan ve gerekli t\u00fcm gizlilik ko\u015fullar\u0131ndan haberdar olunmas\u0131 i\u00e7in yap\u0131lan de\u011fi\u015fiklikler bu sayfada sunulacakt\u0131r. Site Sahibinin gizlilik ko\u015fullar\u0131nda de\u011fi\u015fiklik yapma hakk\u0131 sakl\u0131 oldu\u011fundan, gizlilik ve g\u00fcvenlik ko\u015fullar\u0131n\u0131n d\u00fczenli olarak takibi ve okunmas\u0131 gereklidir. Bu siteyi yap\u0131labilecek bu tarz bir de\u011fi\u015fiklikten sonraki kullan\u0131m, gizlilik ve g\u00fcvenlik ko\u015fullar\u0131ndaki de\u011fi\u015fiklilerin kabul edildi\u011fi anlam\u0131n\u0131 ta\u015f\u0131r.<\/li>\n\n\n\n<li><strong>A\u00e7\u0131k sistem:<\/strong>&nbsp;Kullan\u0131c\u0131lar; (Kullan\u0131c\u0131 tabiri, varsa \u00fcyeler dahil, web sitesine giren herkesi ifade eden genel bir tan\u0131m olarak kullan\u0131lm\u0131\u015ft\u0131r.) internet ortam\u0131n\u0131n g\u00fcvenilir bir ortam olmad\u0131\u011f\u0131n\u0131, internet ortam\u0131nda ileti\u015fimin riskli oldu\u011funu, ki\u015fisel bilgiler, \u015fifreler vb. de d\u00e2hil her t\u00fcrl\u00fc bilginin 3. \u015fah\u0131slar\u0131n hukuka ayk\u0131r\u0131 fiillerinin muhatab\u0131 olabilece\u011fini bilmekte ve kabul etmektedir. Site Sahibi, g\u00fcvenlik ve k\u00f6t\u00fc niyetli hareketlerle ilgili olarak hi\u00e7bir garanti vermemektedir.<\/li>\n\n\n\n<li><strong>Kullan\u0131c\u0131 bilgileri:<\/strong>&nbsp;Kullan\u0131c\u0131 taraf\u0131ndan Site\u2019ye yerle\u015ftirilen, iletilen veya Site arac\u0131l\u0131\u011f\u0131yla g\u00f6nderilen her t\u00fcrl\u00fc i\u00e7erikten ve ki\u015fisel bilgiden (her t\u00fcrl\u00fc yaz\u0131, dok\u00fcman, m\u00fczik, ilan, rekl\u00e2m, iletilen g\u00f6r\u00fc\u015f ve d\u00fc\u015f\u00fcnceler d\u00e2hil fakat bunlarla s\u0131n\u0131rl\u0131 olmamak \u00fczere, ses veya yaz\u0131 veya hareketli\/hareketsiz g\u00f6r\u00fcnt\u00fc i\u00e7eren her t\u00fcrl\u00fc i\u00e7erik) Kullan\u0131c\u0131 sorumludur. Kullan\u0131c\u0131lar, Site\u2019ye ilettikleri\/g\u00f6nderdikleri her t\u00fcrl\u00fc bilginin g\u00fcvenilirli\u011fini, do\u011frulu\u011funu, \u00fc\u00e7\u00fcnc\u00fc \u015fah\u0131slar\u0131n haklar\u0131n\u0131 ihlal etmedi\u011fini, yasalara ayk\u0131r\u0131 olmad\u0131\u011f\u0131n\u0131 beyan ve garanti etmi\u015ftir. Site Sahibi\u2019nin, Kullan\u0131c\u0131lar taraf\u0131ndan Site\u2019ye konulan, di\u011fer Kullan\u0131c\u0131lara veya \u00fc\u00e7\u00fcnc\u00fc \u015fah\u0131slara herhangi bir zarar veya y\u00fck getirdi\u011fine inand\u0131\u011f\u0131 i\u00e7eri\u011fi veya mevzuata ayk\u0131r\u0131 i\u00e7eri\u011fi tamamen veya k\u0131smen yay\u0131ndan kald\u0131rma ya da eri\u015fimi engelleme hakk\u0131 sakl\u0131d\u0131r. Ancak bu y\u00f6nde herhangi bir y\u00fck\u00fcml\u00fcl\u00fc\u011f\u00fc bulunmamaktad\u0131r.<\/li>\n\n\n\n<li><strong>Kullan\u0131c\u0131 ad\u0131 ve \u015fifre:<\/strong>&nbsp;Site Sahibi baz\u0131 b\u00f6l\u00fcmlerin kullan\u0131m\u0131n\u0131 \u00fcyelik\/kay\u0131t \u015fart\u0131na ba\u011fl\u0131 tutabilir. Kay\u0131t s\u0131ras\u0131nda Kullan\u0131c\u0131ya ad ve \u015fifre verilebilir ya da kullan\u0131c\u0131 taraf\u0131ndan ad ve \u015fifre olu\u015fturulmas\u0131 istenebilir. Kullan\u0131c\u0131 ad\u0131 ve \u015fifrenin muhafazas\u0131ndan, yanl\u0131\u015f ya da hukuka ayk\u0131r\u0131 kullan\u0131m\u0131ndan ve olas\u0131 t\u00fcm izinsiz kullan\u0131mlar\u0131ndan do\u011frudan kullan\u0131c\u0131 sorumludur. \u015eifrenin \u00f6zel rakamlar, harfler ve karakterler kullan\u0131larak daha g\u00fcvenli bir bi\u00e7imde olu\u015fturulmas\u0131ndan ya da bunun i\u00e7in gerekli de\u011fi\u015fikliklerin yap\u0131lmas\u0131ndan kullan\u0131c\u0131 sorumludur. \u00dcyelik ad\u0131 ve \u015fifre kullan\u0131larak yap\u0131lan t\u00fcm i\u015flemlerin sorumlulu\u011fu kullan\u0131c\u0131ya aittir. \u00dcye ad\u0131 ve \u015fifrenin kaybedilmesi, yetkisiz 3. \u015fah\u0131slar\u0131n eline ge\u00e7mesi ya da \u00fcye g\u00fcvenli\u011fini tehdit eden bir durumla kar\u015f\u0131la\u015f\u0131lmas\u0131 halinde derhal site ve\/veya Site Sahibine haber verilir.<\/li>\n\n\n\n<li><strong>Bilgilerin korunmas\u0131:<\/strong>&nbsp;Site Sahibi, web sitesindeki t\u00fcm sayfalar\u0131n g\u00fcvenli\u011fi i\u00e7in azami gayret g\u00f6stermektedir. Sitede kay\u0131tl\u0131 bulunan verilerin gizlili\u011fini, g\u00fcvenli\u011fini ve b\u00fct\u00fcnl\u00fc\u011f\u00fcn\u00fc korumak i\u00e7in \u00e7ok \u00e7e\u015fitli teknik ve y\u00f6netimsel uygulamalardan yararlan\u0131lmaktad\u0131r.<\/li>\n\n\n\n<li><strong>\u00dc\u00e7\u00fcnc\u00fc ki\u015filere ait siteler:<\/strong>&nbsp;Bu sitede, Site Sahibinin i\u015fletmedi\u011fi veya i\u015fletimini kontrol etmedi\u011fi, 3. \u015fah\u0131slar taraf\u0131ndan i\u015fletilen alt ve \u00fcst siteler bulunabilir ve bunlara ba\u011flant\u0131 sa\u011flanabilir\/link\/bilgi verilebilir. Site Sahibinin eri\u015fim sa\u011flanan bu sitelere ili\u015fkin, i\u00e7erik, g\u00fcvenlik, gizlilik politikalar\u0131 ve ileti\u015fimin s\u00fcrekli sa\u011flanaca\u011f\u0131na dair herhangi bir garantisi ya da \u00f6zel bir taahh\u00fcd\u00fc yoktur. Sorumluluk 3. ki\u015filere ait sitelerde yaz\u0131l\u0131 ko\u015fulara tabidir. Herhangi bir i\u015flem yap\u0131lmadan \u00f6nce s\u00f6z konusu sitelerde yer alan g\u00fcvenlik ve gizlilik ko\u015fullar\u0131 okunmal\u0131d\u0131r. S\u00f6z konusu sitelere sa\u011flanan ki\u015fisel bilgilerden, bu sitelerden istifade edilen i\u00e7erikten ve servislerden veya bu sitelerin gizlilik politika ve uygulamalar\u0131ndan Site Sahibi sorumlu tutulamaz.<\/li>\n\n\n\n<li><strong>Site yard\u0131mc\u0131 programlar\u0131:<\/strong>&nbsp;Kullan\u0131c\u0131n\u0131n sitenin baz\u0131 b\u00f6l\u00fcmlerinden yararlanabilmesi i\u00e7in yard\u0131mc\u0131 programlar kullan\u0131lmas\u0131 gerekebilir. Bu b\u00f6l\u00fcmlerden yararlan\u0131ld\u0131\u011f\u0131 takdirde, yararlanma bi\u00e7im ve kapsam\u0131yla ilgili veriler, site veritaban\u0131na kaydedilebilir. Keza b\u00f6l\u00fcmlerden daha kolay yararlanabilmeniz i\u00e7in baz\u0131 \u201c\u00e7erez\u201dlerden yararlanabilir, bunlar vas\u0131tas\u0131yla kullan\u0131c\u0131ya baz\u0131 bilgiler g\u00f6nderebiliriz.<\/li>\n\n\n\n<li>Ki\u015fisel verilerinizle ilgili olarak verdi\u011finiz izin, size hizmet vermek; hizmetlerimizin, \u00fcyelerin, \u00fc\u00e7\u00fcnc\u00fc \u015fah\u0131slar\u0131n tan\u0131t\u0131m faaliyetleri; hukuki gereklilikler vb. hallerde kullanma iznini de i\u00e7ermektedir.<\/li>\n<\/ol>\n\n\n\n<p><strong>Ki\u015fisel veriler<\/strong><\/p>\n\n\n\n<ul>\n<li>Sitenin ziyaret edilmesi, kullan\u0131lmas\u0131 ya da herhangi bir b\u00f6l\u00fcmden yararlan\u0131lmas\u0131 i\u00e7in ad, soyad, adres\/ya\u015fan\u0131lan yer, IP bilgileri, e-posta adresi, telefon numaras\u0131 vb. ki\u015fisel veriler siteye verilmi\u015f, kaydedilmi\u015f olur\/olabilir. Kullan\u0131c\u0131, vermi\u015f\/a\u00e7\u0131klam\u0131\u015f kaydetmi\u015f oldu\u011fu ki\u015fisel verilerin Site Sahibine a\u00e7\u0131k olaca\u011f\u0131n\u0131 dikkate alarak bu bilgileri a\u00e7\u0131klam\u0131\u015f oldu\u011funu ve siteye a\u00e7\u0131klad\u0131\u011f\u0131, kaydetti\u011fi her bilginin, i\u00e7eri\u011fin Site Sahibine kar\u015f\u0131 gizlili\u011fini yitirdi\u011fini kabul etmi\u015f say\u0131l\u0131r. Kullan\u0131c\u0131, se\u00e7mi\u015f oldu\u011fu payla\u015f\u0131m seviyesi ile ki\u015fisel verilerini ve g\u00f6nderdi\u011fi i\u00e7eri\u011fi di\u011fer kullan\u0131c\u0131larla veya \u00fc\u00e7\u00fcnc\u00fc ki\u015filerle payla\u015fmay\u0131 se\u00e7erse, kaydetti\u011fi her bilgi ve i\u00e7eri\u011fin di\u011fer kullan\u0131c\u0131lara ve \u00fc\u00e7\u00fcnc\u00fc ki\u015filere kar\u015f\u0131 da gizlili\u011fini yitirdi\u011fini kabul etmi\u015f say\u0131l\u0131r.<\/li>\n\n\n\n<li>Site Sahibi, kullan\u0131c\u0131 taraf\u0131ndan verilmi\u015f olan ki\u015fisel verileri, Siteye eri\u015fimin sa\u011flanmas\u0131, \u00fcye giri\u015fi, Site g\u00fcvenli\u011finin temin edilmesi, kullan\u0131c\u0131 al\u0131\u015fkanl\u0131k, be\u011feni ve tercihlerinin analizi, istatistik olu\u015fturulmas\u0131, ileti\u015fim, pazarlama, duyuru yap\u0131lmas\u0131 gibi ama\u00e7lar veya kullan\u0131c\u0131n\u0131n a\u00e7\u0131k r\u0131zas\u0131n\u0131n al\u0131nd\u0131\u011f\u0131 sair ama\u00e7larla; mevzuata ve Ki\u015fisel Veri Politikas\u0131\u2019na uygun olarak kullanabilir, i\u015fleyebilir, saklayabilir, yurt i\u00e7indeki veya d\u0131\u015f\u0131ndaki \u00fc\u00e7\u00fcnc\u00fc \u015fah\u0131slarla bu ama\u00e7lar do\u011frultusunda payla\u015fabilir, AAC LTD. \u015eT\u0130\u2019nin faaliyet alan\u0131yla ilgili olarak reklam, pazarlama, bildirim ve benzeri faaliyetler kapsam\u0131nda kullan\u0131labilir, veri tabanlar\u0131nda tasnif edip saklayabilir, veri taban\u0131ndaki verilerden yararlanabilir. Site Sahibi bu kapsamda, site aktivite bilgilerinden, eri\u015fim ara\u00e7lar\u0131 ve browser bilgilerinden de yararlanma hakk\u0131na sahiptir.<\/li>\n\n\n\n<li>Ki\u015fisel Veriler ve verilerin i\u015flenmesi kar\u015f\u0131s\u0131nda haklar ile ilgili ayr\u0131nt\u0131l\u0131 bilgiye Site\u2019de yay\u0131nlanan Ayd\u0131nlatma Metni ve Ki\u015fisel Veri Politikas\u0131\u2019ndan ula\u015f\u0131labilir.<\/li>\n\n\n\n<li>\u00d6zel Nitelikli Ki\u015fisel Veriler: Site Sahibi, kullan\u0131c\u0131lardan yasalar gerektirmedi\u011fi s\u00fcrece herhangi bir \u015fekilde ve kesinlikle; \u0131rk ve etnik kimlik, dini\/siyasi\/felsefi d\u00fc\u015f\u00fcnce, fiziksel ya da ruhsal sa\u011fl\u0131k ve \u00f6zelikler gibi hassas bir bilgi talep etmemektedir. Bu bilgilerin verilmi\u015f, kaydedilmi\u015f veya if\u015fa edilmi\u015f olmas\u0131ndan dolay\u0131 Site Sahibinin bir sorumlulu\u011fu yoktur.<\/li>\n\n\n\n<li>Ticari ileti\u015fim: AAC LTD. \u015eT\u0130. siteye veya kendisine iletmi\u015f ya da bir \u015fekilde kaydetmi\u015f\/kaydettirmi\u015f oldu\u011funuz ileti\u015fim adresinize, elektronik ileti veya ticari elektronik ileti g\u00f6nderebilir. Ticari nitelikte olsun ya da olmas\u0131n, her t\u00fcrl\u00fc elektronik ileti\u015fim arac\u0131l\u0131\u011f\u0131yla g\u00f6nderilecek elektronik iletinin g\u00f6nderimine \u00f6nceden izin\/onay verdi\u011finiz kabul edilir. Vermi\u015f oldu\u011funuz izni\/onay\u0131 iptal etme ve ticari nitelikteki elektronik iletileri reddetme hakk\u0131n\u0131 her zaman kullanabilirsiniz. Ret talepleri AAC LTD. \u015eT\u0130. taraf\u0131ndan en ge\u00e7 3 i\u015f g\u00fcn\u00fc i\u00e7inde i\u015fleme al\u0131nacakt\u0131r. Ret yollar\u0131, g\u00f6ndericisinin AAC. LTD. \u015eT\u0130 oldu\u011fu elektronik iletilerde g\u00f6sterilir.<\/li>\n\n\n\n<li>Gizlilik ve g\u00fcvenlik ko\u015fullar\u0131n\u0131n ihlali: Site Sahibi, gizlilik ko\u015fullar\u0131na uyulmamas\u0131 ya da kurallar\u0131 ihlal etme giri\u015fiminde bulunulmas\u0131 durumunda, ihlal tam olarak ger\u00e7ekle\u015fsin ya da ger\u00e7ekle\u015fmesin, sistemde mevcut bilgileri reddetme, i\u00e7erikten \u00e7\u0131karma, silme hakk\u0131yla birlikte \u00f6nceden haber vermeksizin kullan\u0131c\u0131lar\u0131n site ve hizmetlere eri\u015fimini ask\u0131ya alma, sonland\u0131rma, \u00fcyeli\u011fi iptal etme hakk\u0131n\u0131 (zorunlu olmamakla birlikte) sakl\u0131 tutar. Bu kural, ko\u015fullar\u0131n kullan\u0131c\u0131 ad\u0131na hareket eden \u00fc\u00e7\u00fcnc\u00fc bir ki\u015fi taraf\u0131ndan dolayl\u0131 ihlali ya da ihlal giri\u015fimi olmas\u0131 durumu i\u00e7in de ge\u00e7erlidir.<\/li>\n\n\n\n<li>Bilgi ve ileti\u015fim: www.aac.com.tr web sitesinin gizlilik ko\u015fullar\u0131na ili\u015fkin sorular\u0131n\u0131z i\u00e7in info@aac.com.tr adresine yazarak daha fazla bilgi alabilirsiniz.<\/li>\n<\/ul>\n\t\t\t\t\t\t\t\t<\/div>\n\t\t\t\t<\/div>\n\t\t\t\t\t<\/div>\n\t\t<\/div>\n\t\t\t\t\t<\/div>\n\t\t<\/section>\n\t\t\t\t<\/div>\n\t\t","protected":false},"excerpt":{"rendered":"<p>Gizlilik Politikas\u0131 Ki\u015fisel veriler<\/p>\n","protected":false},"author":1,"featured_media":0,"parent":0,"menu_order":0,"comment_status":"closed","ping_status":"closed","template":"","meta":{"footnotes":""},"_links":{"self":[{"href":"https:\/\/aac.com.tr\/index.php\/wp-json\/wp\/v2\/pages\/6005"}],"collection":[{"href":"https:\/\/aac.com.tr\/index.php\/wp-json\/wp\/v2\/pages"}],"about":[{"href":"https:\/\/aac.com.tr\/index.php\/wp-json\/wp\/v2\/types\/page"}],"author":[{"embeddable":true,"href":"https:\/\/aac.com.tr\/index.php\/wp-json\/wp\/v2\/users\/1"}],"replies":[{"embeddable":true,"href":"https:\/\/aac.com.tr\/index.php\/wp-json\/wp\/v2\/comments?post=6005"}],"version-history":[{"count":5,"href":"https:\/\/aac.com.tr\/index.php\/wp-json\/wp\/v2\/pages\/6005\/revisions"}],"predecessor-version":[{"id":6013,"href":"https:\/\/aac.com.tr\/index.php\/wp-json\/wp\/v2\/pages\/6005\/revisions\/6013"}],"wp:attachment":[{"href":"https:\/\/aac.com.tr\/index.php\/wp-json\/wp\/v2\/media?parent=6005"}],"curies":[{"name":"wp","href":"https:\/\/api.w.org\/{rel}","templated":true}]}}