{"id":5812,"date":"2022-12-11T16:36:55","date_gmt":"2022-12-11T14:36:55","guid":{"rendered":"https:\/\/aac.com.tr\/?page_id=5812"},"modified":"2022-12-11T17:27:58","modified_gmt":"2022-12-11T15:27:58","slug":"kartli-gecis-sistemi-2","status":"publish","type":"page","link":"https:\/\/aac.com.tr\/index.php\/kartli-gecis-sistemi-2\/","title":{"rendered":"Kartl\u0131 Ge\u00e7i\u015f Sistemi"},"content":{"rendered":"\t\t<div data-elementor-type=\"wp-page\" data-elementor-id=\"5812\" class=\"elementor elementor-5812\">\n\t\t\t\t\t\t<section class=\"elementor-section elementor-top-section elementor-element elementor-element-0b0ff4f ot-traditional elementor-section-boxed elementor-section-height-default elementor-section-height-default\" data-id=\"0b0ff4f\" data-element_type=\"section\">\n\t\t\t\t\t\t<div class=\"elementor-container elementor-column-gap-default\">\n\t\t\t\t\t<div class=\"elementor-column elementor-col-100 elementor-top-column elementor-element elementor-element-d5b5072 ot-flex-column-vertical\" data-id=\"d5b5072\" data-element_type=\"column\">\n\t\t\t<div class=\"elementor-widget-wrap elementor-element-populated\">\n\t\t\t\t\t\t<section class=\"elementor-section elementor-inner-section elementor-element elementor-element-c1ed783 elementor-section-full_width elementor-section-content-bottom ot-traditional elementor-section-height-default elementor-section-height-default\" data-id=\"c1ed783\" data-element_type=\"section\">\n\t\t\t\t\t\t<div class=\"elementor-container elementor-column-gap-default\">\n\t\t\t\t\t<div class=\"elementor-column elementor-col-100 elementor-inner-column elementor-element elementor-element-978c470 ot-flex-column-vertical\" data-id=\"978c470\" data-element_type=\"column\">\n\t\t\t<div class=\"elementor-widget-wrap elementor-element-populated\">\n\t\t\t\t\t\t<div class=\"elementor-element elementor-element-fddcc15 elementor-widget elementor-widget-iheading\" data-id=\"fddcc15\" data-element_type=\"widget\" data-widget_type=\"iheading.default\">\n\t\t\t\t<div class=\"elementor-widget-container\">\n\t\t\t\t\t\t\t<div class=\"ot-heading\">\r\n\t        <h2 class=\"main-heading\">\u00dcR\u00dcNLER\u0130M\u0130Z<\/h2>\t    <\/div>\r\n\t    \t\t\t\t<\/div>\n\t\t\t\t<\/div>\n\t\t\t\t\t<\/div>\n\t\t<\/div>\n\t\t\t\t\t<\/div>\n\t\t<\/section>\n\t\t\t\t\t<\/div>\n\t\t<\/div>\n\t\t\t\t\t<\/div>\n\t\t<\/section>\n\t\t\t\t<section class=\"elementor-section elementor-top-section elementor-element elementor-element-f479e32 ot-traditional elementor-section-boxed elementor-section-height-default elementor-section-height-default\" data-id=\"f479e32\" data-element_type=\"section\">\n\t\t\t\t\t\t<div class=\"elementor-container elementor-column-gap-no\">\n\t\t\t\t\t<div class=\"elementor-column elementor-col-100 elementor-top-column elementor-element elementor-element-e2b94d1 ot-flex-column-vertical\" data-id=\"e2b94d1\" data-element_type=\"column\">\n\t\t\t<div class=\"elementor-widget-wrap elementor-element-populated\">\n\t\t\t\t\t\t<div class=\"elementor-element elementor-element-f2189dc elementor-widget elementor-widget-iheading\" data-id=\"f2189dc\" data-element_type=\"widget\" data-widget_type=\"iheading.default\">\n\t\t\t\t<div class=\"elementor-widget-container\">\n\t\t\t\t\t\t\t<div class=\"ot-heading\">\r\n\t        \t            <span>\/\/AVIGILON BY MOTOROLA - ACM 6<\/span>\r\n\t        <h2 class=\"main-heading\">KARTLI GE\u00c7\u0130\u015e S\u0130STEM\u0130<\/h2>\t    <\/div>\r\n\t    \t\t\t\t<\/div>\n\t\t\t\t<\/div>\n\t\t\t\t<div class=\"elementor-element elementor-element-217c986 elementor-widget elementor-widget-shortcode\" data-id=\"217c986\" data-element_type=\"widget\" data-widget_type=\"shortcode.default\">\n\t\t\t\t<div class=\"elementor-widget-container\">\n\t\t\t\t\t\t\t<div class=\"elementor-shortcode\"><div class=\"_df_book df-lite\" id=\"df_5804\"  _slug=\"access-avigilon\" data-title=\"access-avigilon\" wpoptions=\"true\" thumbtype=\"\" ><\/div><script class=\"df-shortcode-script\" nowprocket type=\"application\/javascript\">window.option_df_5804 = {\"outline\":[],\"autoEnableOutline\":\"false\",\"autoEnableThumbnail\":\"false\",\"overwritePDFOutline\":\"false\",\"direction\":\"1\",\"pageSize\":\"0\",\"source\":\"https:\\\/\\\/aac.com.tr\\\/wp-content\\\/uploads\\\/2022\\\/12\\\/access.pdf\",\"wpOptions\":\"true\"}; if(window.DFLIP && window.DFLIP.parseBooks){window.DFLIP.parseBooks();}<\/script><\/div>\n\t\t\t\t\t\t<\/div>\n\t\t\t\t<\/div>\n\t\t\t\t<div class=\"elementor-element elementor-element-8195ef2 elementor-widget elementor-widget-shortcode\" data-id=\"8195ef2\" data-element_type=\"widget\" data-widget_type=\"shortcode.default\">\n\t\t\t\t<div class=\"elementor-widget-container\">\n\t\t\t\t\t\t\t<div class=\"elementor-shortcode\"><div class=\"_df_book df-lite\" id=\"df_5794\"  _slug=\"ip-cctv-5\" data-title=\"ip-cctv-5\" wpoptions=\"true\" thumbtype=\"\" ><\/div><script class=\"df-shortcode-script\" nowprocket type=\"application\/javascript\">window.option_df_5794 = {\"outline\":[],\"autoEnableOutline\":\"false\",\"autoEnableThumbnail\":\"false\",\"overwritePDFOutline\":\"false\",\"direction\":\"1\",\"pageSize\":\"0\",\"source\":\"https:\\\/\\\/aac.com.tr\\\/wp-content\\\/uploads\\\/2022\\\/12\\\/5.pdf\",\"wpOptions\":\"true\"}; if(window.DFLIP && window.DFLIP.parseBooks){window.DFLIP.parseBooks();}<\/script><\/div>\n\t\t\t\t\t\t<\/div>\n\t\t\t\t<\/div>\n\t\t\t\t\t<\/div>\n\t\t<\/div>\n\t\t\t\t\t<\/div>\n\t\t<\/section>\n\t\t\t\t<\/div>\n\t\t","protected":false},"excerpt":{"rendered":"<p>\u00dcR\u00dcNLER\u0130M\u0130Z \/\/AVIGILON BY MOTOROLA &#8211; ACM 6 KARTLI GE\u00c7\u0130\u015e S\u0130STEM\u0130<\/p>\n","protected":false},"author":1,"featured_media":0,"parent":0,"menu_order":0,"comment_status":"closed","ping_status":"closed","template":"","meta":{"footnotes":""},"_links":{"self":[{"href":"https:\/\/aac.com.tr\/index.php\/wp-json\/wp\/v2\/pages\/5812"}],"collection":[{"href":"https:\/\/aac.com.tr\/index.php\/wp-json\/wp\/v2\/pages"}],"about":[{"href":"https:\/\/aac.com.tr\/index.php\/wp-json\/wp\/v2\/types\/page"}],"author":[{"embeddable":true,"href":"https:\/\/aac.com.tr\/index.php\/wp-json\/wp\/v2\/users\/1"}],"replies":[{"embeddable":true,"href":"https:\/\/aac.com.tr\/index.php\/wp-json\/wp\/v2\/comments?post=5812"}],"version-history":[{"count":7,"href":"https:\/\/aac.com.tr\/index.php\/wp-json\/wp\/v2\/pages\/5812\/revisions"}],"predecessor-version":[{"id":5901,"href":"https:\/\/aac.com.tr\/index.php\/wp-json\/wp\/v2\/pages\/5812\/revisions\/5901"}],"wp:attachment":[{"href":"https:\/\/aac.com.tr\/index.php\/wp-json\/wp\/v2\/media?parent=5812"}],"curies":[{"name":"wp","href":"https:\/\/api.w.org\/{rel}","templated":true}]}}