{"id":5670,"date":"2022-12-09T14:00:26","date_gmt":"2022-12-09T12:00:26","guid":{"rendered":"https:\/\/aac.com.tr\/?page_id=5670"},"modified":"2022-12-11T17:25:46","modified_gmt":"2022-12-11T15:25:46","slug":"genel-seslendirme-sistemi","status":"publish","type":"page","link":"https:\/\/aac.com.tr\/index.php\/genel-seslendirme-sistemi\/","title":{"rendered":"Genel Seslendirme Sistemi"},"content":{"rendered":"\t\t<div data-elementor-type=\"wp-page\" data-elementor-id=\"5670\" class=\"elementor elementor-5670\">\n\t\t\t\t\t\t<section class=\"elementor-section elementor-top-section elementor-element elementor-element-0a3d48a ot-traditional elementor-section-boxed elementor-section-height-default elementor-section-height-default\" data-id=\"0a3d48a\" data-element_type=\"section\">\n\t\t\t\t\t\t<div class=\"elementor-container elementor-column-gap-default\">\n\t\t\t\t\t<div class=\"elementor-column elementor-col-100 elementor-top-column elementor-element elementor-element-fe2a0c2 ot-flex-column-vertical\" data-id=\"fe2a0c2\" data-element_type=\"column\">\n\t\t\t<div class=\"elementor-widget-wrap elementor-element-populated\">\n\t\t\t\t\t\t<section class=\"elementor-section elementor-inner-section elementor-element elementor-element-b53a3a8 elementor-section-full_width elementor-section-content-bottom ot-traditional elementor-section-height-default elementor-section-height-default\" data-id=\"b53a3a8\" data-element_type=\"section\">\n\t\t\t\t\t\t<div class=\"elementor-container elementor-column-gap-default\">\n\t\t\t\t\t<div class=\"elementor-column elementor-col-100 elementor-inner-column elementor-element elementor-element-a53ef3d ot-flex-column-vertical\" data-id=\"a53ef3d\" data-element_type=\"column\">\n\t\t\t<div class=\"elementor-widget-wrap elementor-element-populated\">\n\t\t\t\t\t\t<div class=\"elementor-element elementor-element-429666a elementor-widget elementor-widget-iheading\" data-id=\"429666a\" data-element_type=\"widget\" data-widget_type=\"iheading.default\">\n\t\t\t\t<div class=\"elementor-widget-container\">\n\t\t\t\t\t\t\t<div class=\"ot-heading\">\r\n\t        <h2 class=\"main-heading\">\u00dcR\u00dcNLER\u0130M\u0130Z<\/h2>\t    <\/div>\r\n\t    \t\t\t\t<\/div>\n\t\t\t\t<\/div>\n\t\t\t\t\t<\/div>\n\t\t<\/div>\n\t\t\t\t\t<\/div>\n\t\t<\/section>\n\t\t\t\t\t<\/div>\n\t\t<\/div>\n\t\t\t\t\t<\/div>\n\t\t<\/section>\n\t\t\t\t<section class=\"elementor-section elementor-top-section elementor-element elementor-element-ebdc769 ot-traditional elementor-section-boxed elementor-section-height-default elementor-section-height-default\" data-id=\"ebdc769\" data-element_type=\"section\">\n\t\t\t\t\t\t<div class=\"elementor-container elementor-column-gap-no\">\n\t\t\t\t\t<div class=\"elementor-column elementor-col-100 elementor-top-column elementor-element elementor-element-03ad8c1 ot-flex-column-vertical\" data-id=\"03ad8c1\" data-element_type=\"column\">\n\t\t\t<div class=\"elementor-widget-wrap elementor-element-populated\">\n\t\t\t\t\t\t<div class=\"elementor-element elementor-element-36022fb elementor-widget elementor-widget-iheading\" data-id=\"36022fb\" data-element_type=\"widget\" data-widget_type=\"iheading.default\">\n\t\t\t\t<div class=\"elementor-widget-container\">\n\t\t\t\t\t\t\t<div class=\"ot-heading\">\r\n\t        \t            <span>\/\/SIEMENS - CERBERUS PACE<\/span>\r\n\t        <h2 class=\"main-heading\">GENEL SESLEND\u0130RME S\u0130STEM\u0130<\/h2>\t    <\/div>\r\n\t    \t\t\t\t<\/div>\n\t\t\t\t<\/div>\n\t\t\t\t<div class=\"elementor-element elementor-element-91f63d4 elementor-widget elementor-widget-shortcode\" data-id=\"91f63d4\" data-element_type=\"widget\" data-widget_type=\"shortcode.default\">\n\t\t\t\t<div class=\"elementor-widget-container\">\n\t\t\t\t\t\t\t<div class=\"elementor-shortcode\"><div class=\"_df_book df-lite\" id=\"df_5830\"  _slug=\"cerberuspace\" data-title=\"cerberuspace\" wpoptions=\"true\" thumbtype=\"\" ><\/div><script class=\"df-shortcode-script\" nowprocket type=\"application\/javascript\">window.option_df_5830 = {\"outline\":[],\"autoEnableOutline\":\"false\",\"autoEnableThumbnail\":\"false\",\"overwritePDFOutline\":\"false\",\"direction\":\"1\",\"pageSize\":\"0\",\"source\":\"https:\\\/\\\/aac.com.tr\\\/wp-content\\\/uploads\\\/2022\\\/12\\\/A6V11940308_Accessories-and-options-for-Cerberus-PACE-Compact_en.pdf\",\"wpOptions\":\"true\"}; if(window.DFLIP && window.DFLIP.parseBooks){window.DFLIP.parseBooks();}<\/script><\/div>\n\t\t\t\t\t\t<\/div>\n\t\t\t\t<\/div>\n\t\t\t\t\t<\/div>\n\t\t<\/div>\n\t\t\t\t\t<\/div>\n\t\t<\/section>\n\t\t\t\t<\/div>\n\t\t","protected":false},"excerpt":{"rendered":"<p>\u00dcR\u00dcNLER\u0130M\u0130Z \/\/SIEMENS &#8211; CERBERUS PACE GENEL SESLEND\u0130RME S\u0130STEM\u0130<\/p>\n","protected":false},"author":1,"featured_media":0,"parent":0,"menu_order":0,"comment_status":"closed","ping_status":"closed","template":"","meta":{"footnotes":""},"_links":{"self":[{"href":"https:\/\/aac.com.tr\/index.php\/wp-json\/wp\/v2\/pages\/5670"}],"collection":[{"href":"https:\/\/aac.com.tr\/index.php\/wp-json\/wp\/v2\/pages"}],"about":[{"href":"https:\/\/aac.com.tr\/index.php\/wp-json\/wp\/v2\/types\/page"}],"author":[{"embeddable":true,"href":"https:\/\/aac.com.tr\/index.php\/wp-json\/wp\/v2\/users\/1"}],"replies":[{"embeddable":true,"href":"https:\/\/aac.com.tr\/index.php\/wp-json\/wp\/v2\/comments?post=5670"}],"version-history":[{"count":13,"href":"https:\/\/aac.com.tr\/index.php\/wp-json\/wp\/v2\/pages\/5670\/revisions"}],"predecessor-version":[{"id":5892,"href":"https:\/\/aac.com.tr\/index.php\/wp-json\/wp\/v2\/pages\/5670\/revisions\/5892"}],"wp:attachment":[{"href":"https:\/\/aac.com.tr\/index.php\/wp-json\/wp\/v2\/media?parent=5670"}],"curies":[{"name":"wp","href":"https:\/\/api.w.org\/{rel}","templated":true}]}}