{"id":2274,"date":"2020-02-28T03:31:32","date_gmt":"2020-02-28T03:31:32","guid":{"rendered":"http:\/\/wpdemo.archiwp.com\/engitech\/?page_id=2274"},"modified":"2024-03-21T16:37:30","modified_gmt":"2024-03-21T14:37:30","slug":"home-1","status":"publish","type":"page","link":"https:\/\/aac.com.tr\/","title":{"rendered":"Ana Sayfa"},"content":{"rendered":"\n\t\t\t<!-- START Home 1 REVOLUTION SLIDER 6.6.7 --><p class=\"rs-p-wp-fix\"><\/p>\n\t\t\t<rs-module-wrap id=\"rev_slider_1_1_wrapper\" data-source=\"gallery\" style=\"visibility:hidden;background:transparent;padding:0;margin:0px auto;margin-top:0;margin-bottom:0;\">\n\t\t\t\t<rs-module id=\"rev_slider_1_1\" style=\"\" data-version=\"6.6.7\">\n\t\t\t\t\t<rs-slides style=\"overflow: hidden; position: absolute;\">\n\t\t\t\t\t\t<rs-slide style=\"position: absolute;\" data-key=\"rs-2\" data-title=\"Slide\" data-thumb=\"\/\/aac.com.tr\/wp-content\/uploads\/revslider\/home-1\/slide2-home1-50x100.jpg\" data-in=\"o:0;\" data-out=\"a:false;\">\n\t\t\t\t\t\t\t<img fetchpriority=\"high\" decoding=\"async\" src=\"\/\/aac.com.tr\/wp-content\/plugins\/revslider\/public\/assets\/assets\/dummy.png\" alt=\"\" title=\"slide2-home1.jpg\" width=\"1920\" height=\"809\" class=\"rev-slidebg tp-rs-img rs-lazyload\" data-lazyload=\"\/\/aac.com.tr\/wp-content\/uploads\/revslider\/home-1\/slide2-home1.jpg\" data-no-retina>\n<!--\n\t\t\t\t\t\t\t--><rs-layer\n\t\t\t\t\t\t\t\tid=\"slider-1-slide-2-layer-1\" \n\t\t\t\t\t\t\t\tdata-type=\"text\"\n\t\t\t\t\t\t\t\tdata-rsp_ch=\"on\"\n\t\t\t\t\t\t\t\tdata-xy=\"xo:15px;yo:254px,279px,272px,235px;\"\n\t\t\t\t\t\t\t\tdata-text=\"w:normal;s:18,18,22,16;l:30,34,32,28;\"\n\t\t\t\t\t\t\t\tdata-frame_0=\"y:50;\"\n\t\t\t\t\t\t\t\tdata-frame_1=\"st:2900;sp:1000;\"\n\t\t\t\t\t\t\t\tdata-frame_999=\"o:0;e:power4.inOut;st:w;sp:1000;sR:7000;\"\n\t\t\t\t\t\t\t\tstyle=\"z-index:10;font-family:'Nunito Sans';\"\n\t\t\t\t\t\t\t>Profesyonel ekibimiz ile \u00fcst\u00fcn destek<br \/>\n\u00dcst\u00fcn \u00fcr\u00fcnler sunmada 20 y\u0131ll\u0131k deneyim. \n\t\t\t\t\t\t\t<\/rs-layer><!--\n\n\t\t\t\t\t\t\t--><rs-layer\n\t\t\t\t\t\t\t\tid=\"slider-1-slide-2-layer-9\" \n\t\t\t\t\t\t\t\tdata-type=\"text\"\n\t\t\t\t\t\t\t\tdata-rsp_ch=\"on\"\n\t\t\t\t\t\t\t\tdata-xy=\"xo:15px;yo:195px,105px,127px,133px;\"\n\t\t\t\t\t\t\t\tdata-text=\"w:normal;s:24,20,15,15;l:36,30,22,13;\"\n\t\t\t\t\t\t\t\tdata-vbility=\"t,t,f,f\"\n\t\t\t\t\t\t\t\tdata-frame_0=\"y:50,42,31,19;\"\n\t\t\t\t\t\t\t\tdata-frame_1=\"sp:1000;\"\n\t\t\t\t\t\t\t\tdata-frame_999=\"o:0;st:w;sR:8000;\"\n\t\t\t\t\t\t\t\tstyle=\"z-index:8;font-family:'Nunito Sans';\"\n\t\t\t\t\t\t\t>\/\/ Markalar\u0131m\u0131zla Lider Dijital \u00dcr\u00fcnler Sunuyoruz. \n\t\t\t\t\t\t\t<\/rs-layer><!--\n-->\t\t\t\t\t\t<\/rs-slide>\n\t\t\t\t\t\t<rs-slide style=\"position: absolute;\" data-key=\"rs-3\" data-title=\"Slide\" data-thumb=\"\/\/aac.com.tr\/wp-content\/uploads\/revslider\/home-1\/slide3-home1-50x100.jpg\" data-in=\"o:0;\" data-out=\"a:false;\">\n\t\t\t\t\t\t\t<img decoding=\"async\" src=\"\/\/aac.com.tr\/wp-content\/plugins\/revslider\/public\/assets\/assets\/dummy.png\" alt=\"\" title=\"slide3-home1.jpg\" width=\"1920\" height=\"809\" class=\"rev-slidebg tp-rs-img rs-lazyload\" data-lazyload=\"\/\/aac.com.tr\/wp-content\/uploads\/revslider\/home-1\/slide3-home1.jpg\" data-no-retina>\n<!--\n\t\t\t\t\t\t\t--><rs-layer\n\t\t\t\t\t\t\t\tid=\"slider-1-slide-3-layer-2\" \n\t\t\t\t\t\t\t\tdata-type=\"text\"\n\t\t\t\t\t\t\t\tdata-rsp_ch=\"on\"\n\t\t\t\t\t\t\t\tdata-xy=\"xo:9px,15px,15px,15px;yo:248px,105px,127px,133px;\"\n\t\t\t\t\t\t\t\tdata-text=\"w:normal;s:24,20,15,15;l:36,30,22,13;\"\n\t\t\t\t\t\t\t\tdata-vbility=\"t,t,f,f\"\n\t\t\t\t\t\t\t\tdata-frame_0=\"y:50,42,31,19;\"\n\t\t\t\t\t\t\t\tdata-frame_1=\"sp:1000;\"\n\t\t\t\t\t\t\t\tdata-frame_999=\"o:0;st:w;sR:8000;\"\n\t\t\t\t\t\t\t\tstyle=\"z-index:8;font-family:'Nunito Sans';\"\n\t\t\t\t\t\t\t>M\u00fchendislik <br> Dan\u0131\u015fmanl\u0131k <br>S\u00fcpervizyon <br> Bak\u0131m ve Onar\u0131m \n\t\t\t\t\t\t\t<\/rs-layer><!--\n\n\t\t\t\t\t\t\t--><rs-layer\n\t\t\t\t\t\t\t\tid=\"slider-1-slide-3-layer-9\" \n\t\t\t\t\t\t\t\tdata-type=\"text\"\n\t\t\t\t\t\t\t\tdata-rsp_ch=\"on\"\n\t\t\t\t\t\t\t\tdata-xy=\"xo:15px;yo:195px,105px,127px,133px;\"\n\t\t\t\t\t\t\t\tdata-text=\"w:normal;s:24,20,15,15;l:36,30,22,13;\"\n\t\t\t\t\t\t\t\tdata-vbility=\"t,t,f,f\"\n\t\t\t\t\t\t\t\tdata-frame_0=\"y:-50,-42,-31,-19;\"\n\t\t\t\t\t\t\t\tdata-frame_1=\"st:500;sp:1000;\"\n\t\t\t\t\t\t\t\tdata-frame_999=\"o:0;st:w;sR:8000;\"\n\t\t\t\t\t\t\t\tstyle=\"z-index:8;font-family:'Nunito Sans';\"\n\t\t\t\t\t\t\t>\/\/ Sadece Y\u00fcksek Kaliteli Hizmetler<br \/>\n \n\t\t\t\t\t\t\t<\/rs-layer><!--\n-->\t\t\t\t\t\t<\/rs-slide>\n\t\t\t\t\t<\/rs-slides>\n\t\t\t\t\t<rs-static-layers><!--\n\t\t\t\t\t--><\/rs-static-layers>\n\t\t\t\t<\/rs-module>\n\t\t\t\t<script>\n\t\t\t\t\tsetREVStartSize({c: 'rev_slider_1_1',rl:[1240,1024,778,480],el:[809,600,630,600],gw:[1200,1024,768,480],gh:[809,600,630,600],type:'standard',justify:'',layout:'fullwidth',mh:\"0\"});if (window.RS_MODULES!==undefined && window.RS_MODULES.modules!==undefined && window.RS_MODULES.modules[\"revslider11\"]!==undefined) {window.RS_MODULES.modules[\"revslider11\"].once = false;window.revapi1 = undefined;if (window.RS_MODULES.checkMinimal!==undefined) window.RS_MODULES.checkMinimal()}\n\t\t\t\t<\/script>\n\t\t\t<\/rs-module-wrap>\n\t\t\t<!-- END REVOLUTION SLIDER -->\n\n<p><iframe title=\"Transform Building Automation\" width=\"500\" height=\"281\" src=\"https:\/\/www.youtube.com\/embed\/Y4QasTHX620?feature=oembed\" frameborder=\"0\" allow=\"accelerometer; autoplay; clipboard-write; encrypted-media; gyroscope; picture-in-picture; web-share\" referrerpolicy=\"strict-origin-when-cross-origin\" allowfullscreen><\/iframe><\/p>\n<p><iframe title=\"Motorola Solutions Video Security &amp; Access Control Careers and Culture\" width=\"500\" height=\"281\" src=\"https:\/\/www.youtube.com\/embed\/QyTw9_hwzBo?feature=oembed\" frameborder=\"0\" allow=\"accelerometer; autoplay; clipboard-write; encrypted-media; gyroscope; picture-in-picture; web-share\" referrerpolicy=\"strict-origin-when-cross-origin\" allowfullscreen><\/iframe><\/p>\n<p>\/\/ \u015eirket Hakk\u0131nda<\/p>\n<h2>\u0130\u015f Orta\u011f\u0131n\u0131z Bir Profesyonel<\/h2>\n<p>Firmam\u0131z 2003 Y\u0131l\u0131nda end\u00fcstriyel tesisler, sosyal binalar, konut, hastane , ticari \u00e7ok ama\u00e7l\u0131 binalar ve elektrik \u00fcretim tesislerine y\u00f6nelik son kullan\u0131c\u0131n\u0131n konfor ve g\u00fcvenli\u011finin sa\u011flanmas\u0131 ama\u00e7l\u0131 geli\u015ftirilen en g\u00fcncel teknolojik geli\u015fmeler ile \u00fcretilmi\u015f zay\u0131f ak\u0131m ve otomasyon sistemlerinin tedari\u011fi , tedarik sonras\u0131 m\u00fchendislik , koruyucu bak\u0131m , servis hizmetleri vermek amac\u0131yla kurulmu\u015ftur.<\/p>\n<h5>Deneyim<\/h5>\n<p>100&#8217;den fazla bitirilmi\u015f proje. Ticari Binalar,<br \/>\nKamu Binalar\u0131<br \/>\nAskeri Tesisler<br \/>\nEnd\u00fcstriyel Tesisler<br \/>\nElektrik \u00dcretim Tesisleri<br \/>\nOteller<br \/>\nToplu Konut<br \/>\nHastaneler<br \/>\nSpor Kompleksi<br \/>\nAl\u0131\u015fveri\u015f Merkezi<\/p>\n<h5>H\u0131zl\u0131 Destek<\/h5>\n<p>Yeni fikirlerinize ortak olup \u00e7\u00f6z\u00fcmc\u00fc<br \/>\nolaca\u011f\u0131m\u0131zda hemfikiriz.<\/p>\n<style>\/*! elementor - v3.20.0 - 20-03-2024 *\/<br \/>\n.elementor-widget-image{text-align:center}.elementor-widget-image a{display:inline-block}.elementor-widget-image a img[src$=\".svg\"]{width:48px}.elementor-widget-image img{vertical-align:middle;display:inline-block}<\/style>\n<p><img decoding=\"async\" src=\"https:\/\/aac.com.tr\/wp-content\/uploads\/2022\/12\/111-e1670164928100.jpg\" sizes=\"(max-width: 867px) 100vw, 867px\" srcset=\"https:\/\/aac.com.tr\/wp-content\/uploads\/2022\/12\/111-e1670164928100.jpg 867w, https:\/\/aac.com.tr\/wp-content\/uploads\/2022\/12\/111-e1670164928100-300x173.jpg 300w, https:\/\/aac.com.tr\/wp-content\/uploads\/2022\/12\/111-e1670164928100-768x443.jpg 768w, https:\/\/aac.com.tr\/wp-content\/uploads\/2022\/12\/111-e1670164928100-720x415.jpg 720w\" alt=\"\" width=\"867\" height=\"500\" \/><br \/>\n\/\/ SERV\u0130SLER\u0130M\u0130Z<\/p>\n<h2>GEN\u0130\u015e B\u0130R DESTEK SUNUYORUZ<\/h2>\n<h5>PROGRAMLAMA<\/h5>\n<p>Bina Otomasyon Sistemi<br \/>\nYang\u0131n Alarm Sistemi<br \/>\nAyd\u0131nlatma Otomasyon Sistemi (KNX)<br \/>\nIP CCTV Sistemi<br \/>\nAcil Anons Sistemi<br \/>\nKartl\u0131 Ge\u00e7i\u015f Sistemi<br \/>\nYang\u0131n S\u00f6nd\u00fcrme Sistemi<br \/>\nMerkezi Saat Sistemi<br \/>\nEnerji Y\u00f6netimi<\/p>\n<h5>TEST ve DEVREYE ALMA<\/h5>\n<p>Sistemlerimizdeki b\u00fct\u00fcn testleri kalite ve kontrol m\u00fchendisleri gibi yapmaktay\u0131z.<\/p>\n<h5>MOBIL EKLENT\u0130LER<\/h5>\n<p>Konfor ve G\u00fcvenli\u011finizi telefonunuzdan veya tabletinizden takip edebilirsiniz.<\/p>\n<h5>RAPORLAMA ve TRENDLER<\/h5>\n<p>Sistemlerimiz de en ileri seviyede olacak \u015fekilde raporlama ve trendler sunmaktay\u0131z. Raporlama ve Trendlerin \u00f6nemi hem g\u00fcvenlik hem de LEED i\u00e7indir.<\/p>\n<h5>GRAF\u0130K TASARIM<\/h5>\n<p>G\u00dcNCEL EN \u0130Y\u0130 GRAF\u0130K \u0130ZLEME Y\u00d6NTEMLER\u0130<br \/>\nBina Otomasyon Sistemi<br \/>\nYang\u0131n Alarm Sistemi<br \/>\nAyd\u0131nlatma Otomasyon Sistemi (KNX)<br \/>\nIP CCTV Sistemi<br \/>\nKartl\u0131 Ge\u00e7i\u015f Sistemi<br \/>\nYang\u0131n S\u00f6nd\u00fcrme Sistemi<br \/>\nEnerji Y\u00f6netim Sistemi<\/p>\n<h5>UI\/UX Design<\/h5>\n<p>Build the product you need on time with an experienced team that uses a clear and effective design process.<\/p>\n<h5>Dedicated Team<\/h5>\n<p>Build the product you need on time with an experienced team that uses a clear and effective design process.<\/p>\n","protected":false},"excerpt":{"rendered":"<p>\/\/ \u015eirket Hakk\u0131nda \u0130\u015f Orta\u011f\u0131n\u0131z Bir Profesyonel Firmam\u0131z 2003 Y\u0131l\u0131nda end\u00fcstriyel tesisler, sosyal binalar, konut, hastane , ticari \u00e7ok ama\u00e7l\u0131 binalar ve elektrik \u00fcretim tesislerine y\u00f6nelik son kullan\u0131c\u0131n\u0131n konfor ve g\u00fcvenli\u011finin sa\u011flanmas\u0131 ama\u00e7l\u0131 geli\u015ftirilen en g\u00fcncel teknolojik geli\u015fmeler ile \u00fcretilmi\u015f zay\u0131f ak\u0131m ve otomasyon sistemlerinin tedari\u011fi , tedarik sonras\u0131 m\u00fchendislik , koruyucu bak\u0131m , servis [&hellip;]<\/p>\n","protected":false},"author":1,"featured_media":0,"parent":0,"menu_order":0,"comment_status":"closed","ping_status":"closed","template":"","meta":{"footnotes":""},"_links":{"self":[{"href":"https:\/\/aac.com.tr\/index.php\/wp-json\/wp\/v2\/pages\/2274"}],"collection":[{"href":"https:\/\/aac.com.tr\/index.php\/wp-json\/wp\/v2\/pages"}],"about":[{"href":"https:\/\/aac.com.tr\/index.php\/wp-json\/wp\/v2\/types\/page"}],"author":[{"embeddable":true,"href":"https:\/\/aac.com.tr\/index.php\/wp-json\/wp\/v2\/users\/1"}],"replies":[{"embeddable":true,"href":"https:\/\/aac.com.tr\/index.php\/wp-json\/wp\/v2\/comments?post=2274"}],"version-history":[{"count":131,"href":"https:\/\/aac.com.tr\/index.php\/wp-json\/wp\/v2\/pages\/2274\/revisions"}],"predecessor-version":[{"id":6234,"href":"https:\/\/aac.com.tr\/index.php\/wp-json\/wp\/v2\/pages\/2274\/revisions\/6234"}],"wp:attachment":[{"href":"https:\/\/aac.com.tr\/index.php\/wp-json\/wp\/v2\/media?parent=2274"}],"curies":[{"name":"wp","href":"https:\/\/api.w.org\/{rel}","templated":true}]}}